{"id":8984,"date":"2020-07-04T16:29:49","date_gmt":"2020-07-04T14:29:49","guid":{"rendered":"http:\/\/jaheca.se\/carro\/livetpalandet\/?page_id=8984"},"modified":"2026-04-04T16:45:31","modified_gmt":"2026-04-04T15:45:31","slug":"hemsidehistorik","status":"publish","type":"page","link":"https:\/\/jaheca.se\/livetpalandet\/hemsidehistorik\/","title":{"rendered":"Hemsidehistorik"},"content":{"rendered":"<p>Ja, ibland blir man lite nostalgisk, s\u00e5 jag t\u00e4nkte f\u00f6rs\u00f6ka minnas tillbaka lite och skriva lite om hur mina hemsidor kom till och vilka sidor som finns kvar idag.<\/p>\n<p>Vid det h\u00e4r laget har jag haft hemsida\/blogg i m\u00e5nga \u00e5r (26 \u00e5r!), man k\u00e4nner sig onekligen gammal \ud83d\ude42<\/p>\n<p>F\u00f6rsta hemsidan startade januari 1999 (handlade d\u00e5 om mig och familjen, djuren, mina f\u00f6rlossningsber\u00e4ttelser (huga!) och lite bilder), och jag har fortsatt p\u00e5 olika s\u00e4tt sedan dess. Har aldrig haft uppeh\u00e5ll med hemsidorna under dessa \u00e5r.<\/p>\n<p>Minns att jag anv\u00e4nde passagen och spray f\u00f6r enkla hemsidor f\u00f6rsta \u00e5ren, och dessa sidor \u00e4r nu borta sedan l\u00e4nge. Hade mest sidor om mig sj\u00e4lv, barnen, djuren, tr\u00e4dg\u00e5rden, awardsidor, fotosidor (som \u00f6kade n\u00e4r jag fick f\u00f6rsta digitalkameran 2001) mm. Allt l\u00e5g samlat p\u00e5 samma hemsida d\u00e5.<\/p>\n<p>T\u00e4nk n\u00e4r man b\u00f6rjade html-koda en enkel hemsida med hj\u00e4lp av FrontPage och anv\u00e4nde tabeller och stilar p\u00e5 varje sida (d\u00e5 visste man ju inte vad CSS var), och skulle man \u00e4ndra n\u00e5got grundl\u00e4ggande s\u00e5 fick man \u00e4ndra koden p\u00e5 alla sidor, puh! Mycket skr\u00e4pkod blev det ocks\u00e5, men p\u00e5 den tiden var jag ju helt ny p\u00e5 detta och bara provade mig fram.<\/p>\n<p>Minns att jag tog hj\u00e4lp av Annika Tiger och Nina Web och sedan kom fr\u00f6ken.se och&nbsp;<a href=\"http:\/\/kaxigt.com\/\" target=\"_blank\" rel=\"noopener noreferrer\">kaxigt.com<\/a>&nbsp;till min hj\u00e4lp n\u00e4r det strulade. M\u00e5nga mail och fr\u00e5gor blev det genom \u00e5ren\u2026<\/p>\n<p>I b\u00f6rjan anv\u00e4nde jag gratislayouter som fanns p\u00e5 n\u00e4tet d\u00e5, men l\u00e4ngre fram b\u00f6rjade jag med egna layouter, d\u00e4r ett k\u00e4nnetecken var egna foton som jag tagit sj\u00e4lv l\u00e5g i headern p\u00e5 sidan.<\/p>\n<p>Var med i en hel dr\u00f6s med webbringar och l\u00e4nksamlingar p\u00e5 den tiden och hade banners hit och dit p\u00e5 mina sidor, och Tjejringen \u00e4r jag faktiskt kvar i, \u00e4ven om jag inte kommer ih\u00e5g inloggningen l\u00e4ngre\u2026<\/p>\n<p>Mitt allra f\u00f6rsta riktiga webbhotell var spray.se, men i samband med att jag skaffade fotocilla.se 2006 gick jag \u00f6ver till one.com, som fungerade bra i flera \u00e5r. Men till sist strulade det f\u00f6r mycket d\u00e5 jag hade s\u00e5 pass mycket material p\u00e5 hemsidorna, s\u00e5 jag besl\u00f6t mig f\u00f6r att byta till <a href=\"http:\/\/manufrog.com\/\" target=\"_blank\" rel=\"noopener noreferrer\">Manufrog<\/a>, och det har jag aldrig \u00e5ngrat en dag sedan dess!<br \/>\nSj\u00e4lva dom\u00e4nnamnen \u00e4r hostade hos&nbsp;<a href=\"http:\/\/loopia.se\/\" target=\"_blank\" rel=\"noopener noreferrer\">Loopia<\/a>, som funkar fint f\u00f6r det.<\/p>\n<p>F\u00f6rsta \u00e5ren hade jag inga bra r\u00e4knare till hemsidorna, men juni 2004, i samband med bloggstarten, skaffade jag&nbsp;<a href=\"http:\/\/susnet.se\/tjanster\/\" target=\"_blank\" rel=\"noopener noreferrer\">Susnets<\/a>&nbsp;r\u00e4knare, som jag haft sedan dess. Dock har jag bytt gamla r\u00e4knare mot nya n\u00e4r jag bytt sidor\/dom\u00e4ner, man kunde ju bara ha 5 r\u00e4knare p\u00e5 kontot d\u00e5. Idag f\u00e5r man ha 10 r\u00e4knare p\u00e5 kontot.<\/p>\n<p>G\u00e4stb\u00f6ckerna har varierat genom \u00e5ren, jag har bland annat anv\u00e4nt&nbsp;Cybertools, Kompisbok Webbtj\u00e4nster, <a href=\"http:\/\/www.joakimweb.se\/\" target=\"_blank\" rel=\"noopener noreferrer\">Joakimweb<\/a>&nbsp;till de nya bloggarna, samt statistikm\u00e4tare fr\u00e5n samma sida. Fast numera kommenterar man ju blogginl\u00e4ggen ist\u00e4llet.<\/p>\n<p>Dom\u00e4nnamn jag anv\u00e4nt: stenborgs.info, cochleaimplantat.info, fotocilla.se, ci-caroline.se, cillasfoto.se, corgirs.se.<br \/>\nDom\u00e4nnamn jag har kvar inaktivt (vill inte sl\u00e4ppa den):&nbsp;<br \/>\nci-carolinestenborg.se (som anv\u00e4ndes f\u00f6r fel syfte n\u00e4r det sl\u00e4pptes, som tur var lyckades jag f\u00e5 tag i det igen och nu f\u00e5r det vara i min \u00e4go).<br \/>\nDom\u00e4nnamn jag anv\u00e4nder idag: jaheca.se, carrofoto.nu och cochleaimplantat.nu<\/p>\n<p>Genom \u00e5ren har jag allts\u00e5 bytt dom\u00e4nnamn hit och dit, samt haft flera olika undersidor och bloggar, bl.a. egna bloggar till djuren, en sida om badrumsrenoveringen, en sida om k\u00f6ksrenoveringen, tr\u00e4dg\u00e5rdssidor, olika fotosidor etc.<\/p>\n<p>Under 2011 h\u00e4nde det mycket i mitt privatliv, bl.a. skilsm\u00e4ssa och flytt till nytt st\u00e4lle, och m\u00e5nga av sidorna blev vilande, n\u00e5gra lades ner och andra flyttades. Till slut best\u00e4mde jag mig f\u00f6r att b\u00f6rja om p\u00e5 nytt n\u00e4r det g\u00e4llde bloggandet och hemsidorna, s\u00e5 jag skaffade ny dom\u00e4n i juni, jaheca.se.<\/p>\n<p>Med jaheca.se som bas blev det n\u00e5gra nya bloggar, Tr\u00e4ning&amp; Diabetes, Vardag &amp; Foto, Hagalund samt Lurvtussarna.<br \/>\nIdag \u00e4r dock alla bloggarna sammanslagna till en blogg, Livet p\u00e5 landet.<br \/>\nDen gamla bloggen fr\u00e5n 2004-2011, <a href=\"http:\/\/jaheca.se\/blog\" target=\"_blank\" rel=\"noopener noreferrer\">Carolines Dagbok<\/a>, finns kvar p\u00e5 n\u00e4tet men \u00e4r arkiverad (man kan dock l\u00e4sa de gamla inl\u00e4ggen).<\/p>\n<p>Idag har jag kvar cochleaimplantat.nu med min CI-sida och jaheca.se som \u00e4r huvuddom\u00e4n. November 2020 skaffade jag en ny dom\u00e4n f\u00f6r mina fotosidor, carrofoto.nu, och h\u00e4r kommer jag samla de fototeman jag varit med i sedan 2011, samt lite fotogallerier.<\/p>\n<p>Idag g\u00f6r jag inte mycket med hemsidor och bloggar, kanske byter jag tema n\u00e5gon enstaka g\u00e5ng. Har bara 3 favoritteman jag anv\u00e4nder numera (Tempera, Parabola samt Mantra, som anv\u00e4nds mest).<\/p>\n<p>N\u00e4r jag l\u00e4mnade one.com s\u00e5 fick jag skapa nya gallerier f\u00f6r alla foton, men det systemet jag hade d\u00e5 gillade jag inte riktigt, s\u00e5 jag letade efter ett b\u00e4ttre gallerisystem och hittade det i c-Panel p\u00e5 mitt webbhotell Manufrog. Det fanns flera modeller att v\u00e4lja mellan, och idag har jag ett gallerisystem jag trivs bra med.<\/p>\n<p>Milstolpar:<\/p>\n<ul>\n<li>1999 januari \u2013 startade f\u00f6rsta hemsidan p\u00e5 passagen, sedan blev det spray.se<\/li>\n<li>2003 \u2013 skaffade min f\u00f6rsta dom\u00e4n, stenborgs.info p\u00e5 spray.se<\/li>\n<li>2004 \u2013 b\u00f6rjade med CSS och iframes\/frames samt skaffade dom\u00e4nen cochleaimplantat.info<\/li>\n<li>2004 juni \u2013 b\u00f6rjade skriva min f\u00f6rsta HTML-baserade dagbok inf\u00f6r CI-operationen.<\/li>\n<li>2005 \u2013 b\u00f6rjade med asp-include och xhtml.<\/li>\n<li>2006 oktober \u2013 b\u00f6rjade med min f\u00f6rsta WP-dagbok (och d\u00e5 fick jag suver\u00e4n hj\u00e4lp av&nbsp;<a href=\"http:\/\/kludd.se\/\" target=\"_blank\" rel=\"noopener noreferrer\">kludd.se<\/a>!)<\/li>\n<li>2006 november \u2013 skaffade fotocilla.se, d\u00e4r alla mina fotogallerier hamnade<\/li>\n<li>2008 februari \u2013 skaffade ci-caroline.se, som blev min bashemsida. Fr\u00e5n b\u00f6rjan hade jag all info om CI h\u00e4r, samt l\u00e4nkar till alla bloggar och \u00f6vriga sidor jag hade.<\/li>\n<li>2008 \u2013 skapade ny WP-dagbok dit jag f\u00f6rde alla inl\u00e4gg som handlade om cochleainplantat = separat CI-blogg &nbsp;och separat vardagsdagbok. Jag skapade \u00e4ven fotobloggen p\u00e5 fotocilla.se i juni det \u00e5ret<\/li>\n<li>2009 oktober \u2013 skaffade cillasfoto.se, dit alla mina gallerier samt gamla fotobloggen flyttades<\/li>\n<li>2010 januari \u2013 skapade en gemensam informationssida\/blogg (cochleaimplantat.nu) om mitt CI, baserat p\u00e5 ett WP-tema jag hade vunnit, och den sidan anv\u00e4nder jag \u00e4n idag, <a href=\"http:\/\/cochleaimplantat.nu\" target=\"_blank\" rel=\"noopener noreferrer\">En sida om cochleaimplantat<\/a>&nbsp;<\/li>\n<li>2011 juni \u2013 skaffade ny dom\u00e4n,&nbsp;<a href=\"http:\/\/jaheca.se\/\" target=\"_blank\" rel=\"noopener noreferrer\">jaheca.se<\/a>, som idag \u00e4r min huvuddom\u00e4n<\/li>\n<li>2011 h\u00f6sten \u2013 skapade flera nya bloggar, som idag slagits ihop<\/li>\n<li>2013 v\u00e5ren \u2013 bytte till ett b\u00e4ttre gallerisystem f\u00f6r alla mina fotogallerier<\/li>\n<li>2014 &#8211; 2015 skapade egna bloggar f\u00f6r 365 foton de \u00e5ren, de \u00e4r idag vilande<\/li>\n<li>2019 &#8211; mycket h\u00e4nde detta \u00e5r: tog bort alla gamla fotogallerier fram till 2011, lade ihop alla bloggar till en och samma: Livet p\u00e5 landet, avslutade n\u00e5gra dom\u00e4nnamn.<\/li>\n<li>2020 h\u00f6sten &#8211; skaffade ny dom\u00e4n, carrofoto.nu, d\u00e4r mina fotosidor kommer vara, och tog bort cillasfoto helt.<\/li>\n<li>2023 &#8211; b\u00f6rjar stuva om lite och \u00e4ndrar adressen till denna blogg. Lite nya fotosidor \u00e4r p\u00e5 g\u00e5ng p\u00e5 carrofoto.nu.<\/li>\n<li>2025 h\u00f6sten &#8211; b\u00f6rjar pyssla med med bloggarna och fotosidorna, skalar ner och bygger om h\u00e4r och d\u00e4r. Detta kommer forts\u00e4tta under vintern tills jag \u00e4r n\u00f6jd.<\/li>\n<li>2026 v\u00e5ren &#8211; trappar ner mina sidor s\u00e5 sakta, m\u00e5let \u00e4r att bara ha kvar Livet p\u00e5 landet, En sida om cochleaimplantat samt eventuellt n\u00e5gon enkel fotoblogg med bara bilder. Min fotodom\u00e4n carrofoto.nu \u00e4r idag vilande, och en framtida fotoblogg kommer ligga under jaheca.se i s\u00e5 fall.<\/li>\n<\/ul>\n","protected":false},"excerpt":{"rendered":"<p>Ja, ibland blir man lite nostalgisk, s\u00e5 jag t\u00e4nkte f\u00f6rs\u00f6ka minnas tillbaka lite och skriva lite om hur mina hemsidor kom till och vilka sidor som finns kvar idag. Vid det h\u00e4r laget har jag haft hemsida\/blogg i m\u00e5nga \u00e5r (26 \u00e5r!), man k\u00e4nner sig onekligen gammal \ud83d\ude42 F\u00f6rsta hemsidan startade januari 1999 (handlade d\u00e5 om mig och familjen, djuren, mina f\u00f6rlossningsber\u00e4ttelser (huga!) och lite bilder), och jag har fortsatt p\u00e5 olika s\u00e4tt sedan dess. Har aldrig haft uppeh\u00e5ll med&#8230; <a class=\"continue-reading-link\" href=\"https:\/\/jaheca.se\/livetpalandet\/hemsidehistorik\/\">L\u00e4s vidare <span class=\"meta-nav\">&rarr; <\/span><\/a><\/p>\n","protected":false},"author":1,"featured_media":0,"parent":0,"menu_order":0,"comment_status":"closed","ping_status":"closed","template":"","meta":{"ngg_post_thumbnail":0,"footnotes":""},"class_list":["post-8984","page","type-page","status-publish","hentry"],"_links":{"self":[{"href":"https:\/\/jaheca.se\/livetpalandet\/wp-json\/wp\/v2\/pages\/8984","targetHints":{"allow":["GET"]}}],"collection":[{"href":"https:\/\/jaheca.se\/livetpalandet\/wp-json\/wp\/v2\/pages"}],"about":[{"href":"https:\/\/jaheca.se\/livetpalandet\/wp-json\/wp\/v2\/types\/page"}],"author":[{"embeddable":true,"href":"https:\/\/jaheca.se\/livetpalandet\/wp-json\/wp\/v2\/users\/1"}],"replies":[{"embeddable":true,"href":"https:\/\/jaheca.se\/livetpalandet\/wp-json\/wp\/v2\/comments?post=8984"}],"version-history":[{"count":9,"href":"https:\/\/jaheca.se\/livetpalandet\/wp-json\/wp\/v2\/pages\/8984\/revisions"}],"predecessor-version":[{"id":12314,"href":"https:\/\/jaheca.se\/livetpalandet\/wp-json\/wp\/v2\/pages\/8984\/revisions\/12314"}],"wp:attachment":[{"href":"https:\/\/jaheca.se\/livetpalandet\/wp-json\/wp\/v2\/media?parent=8984"}],"curies":[{"name":"wp","href":"https:\/\/api.w.org\/{rel}","templated":true}]}}