{"id":748,"date":"2011-11-21T21:41:13","date_gmt":"2011-11-21T19:41:13","guid":{"rendered":"http:\/\/lurvtussarna.wordpress.com\/?page_id=6"},"modified":"2026-04-04T16:48:02","modified_gmt":"2026-04-04T15:48:02","slug":"om-sidan-2","status":"publish","type":"page","link":"https:\/\/jaheca.se\/livetpalandet\/om-sidan-2\/","title":{"rendered":"Om sidan"},"content":{"rendered":"<p>Denna sida \u00e4r en sammanslagning av alla mina bloggar, d\u00e5 det \u00e4r lika bra att ha allt p\u00e5 samma st\u00e4lle i forts\u00e4ttningen.<\/p>\n<p>H\u00e4r finns allt om v\u00e5rt hus, husdjuren, diabetes, vardagsliv, foton och lite till&#8230;<br \/>\nBloggen startade 2011-09-01, efter att min skilsm\u00e4ssa var klar och jag hade flyttat till nytt boende i Sj\u00f6vik.<\/p>\n<p>Min gamla vardagsblogg finns arkiverad&nbsp;<a href=\"http:\/\/jaheca.se\/blog\" target=\"_blank\" rel=\"noopener noreferrer\">h\u00e4r<\/a>.<\/p>\n<p><strong>Korta fakta<\/strong>:<br \/>\n<em>Webbhotell:<\/em> Manufrog\/Nunames<br \/>\n<em>Dom\u00e4nnamn:&nbsp;<\/em>Loopia<br \/>\n<em>Statistik:<\/em> Count per Day samt Susnet&nbsp;<br \/>\n<em>Bildredigering:<\/em> Photo Editor<br \/>\n<em>Drivs av:<\/em>&nbsp;WordPress<br \/>\n<em>Tema:<\/em> varierar, just nu Mantra<\/p>\n","protected":false},"excerpt":{"rendered":"<p>Denna sida \u00e4r en sammanslagning av alla mina bloggar, d\u00e5 det \u00e4r lika bra att ha allt p\u00e5 samma st\u00e4lle i forts\u00e4ttningen. H\u00e4r finns allt om v\u00e5rt hus, husdjuren, diabetes, vardagsliv, foton och lite till&#8230; Bloggen startade 2011-09-01, efter att min skilsm\u00e4ssa var klar och jag hade flyttat till nytt boende i Sj\u00f6vik. Min gamla vardagsblogg finns arkiverad&nbsp;h\u00e4r. Korta fakta: Webbhotell: Manufrog\/Nunames Dom\u00e4nnamn:&nbsp;Loopia Statistik: Count per Day samt Susnet&nbsp; Bildredigering: Photo Editor Drivs av:&nbsp;WordPress Tema: varierar, just nu Mantra<\/p>\n","protected":false},"author":1,"featured_media":0,"parent":0,"menu_order":7,"comment_status":"closed","ping_status":"closed","template":"","meta":{"ngg_post_thumbnail":0,"footnotes":""},"class_list":["post-748","page","type-page","status-publish","hentry"],"_links":{"self":[{"href":"https:\/\/jaheca.se\/livetpalandet\/wp-json\/wp\/v2\/pages\/748","targetHints":{"allow":["GET"]}}],"collection":[{"href":"https:\/\/jaheca.se\/livetpalandet\/wp-json\/wp\/v2\/pages"}],"about":[{"href":"https:\/\/jaheca.se\/livetpalandet\/wp-json\/wp\/v2\/types\/page"}],"author":[{"embeddable":true,"href":"https:\/\/jaheca.se\/livetpalandet\/wp-json\/wp\/v2\/users\/1"}],"replies":[{"embeddable":true,"href":"https:\/\/jaheca.se\/livetpalandet\/wp-json\/wp\/v2\/comments?post=748"}],"version-history":[{"count":2,"href":"https:\/\/jaheca.se\/livetpalandet\/wp-json\/wp\/v2\/pages\/748\/revisions"}],"predecessor-version":[{"id":12315,"href":"https:\/\/jaheca.se\/livetpalandet\/wp-json\/wp\/v2\/pages\/748\/revisions\/12315"}],"wp:attachment":[{"href":"https:\/\/jaheca.se\/livetpalandet\/wp-json\/wp\/v2\/media?parent=748"}],"curies":[{"name":"wp","href":"https:\/\/api.w.org\/{rel}","templated":true}]}}