{"id":3980,"date":"2013-03-02T22:03:00","date_gmt":"2013-03-02T21:03:00","guid":{"rendered":"http:\/\/jaheca.se\/hagalund\/?page_id=199"},"modified":"2026-01-14T14:48:33","modified_gmt":"2026-01-14T13:48:33","slug":"hagalund","status":"publish","type":"page","link":"https:\/\/jaheca.se\/livetpalandet\/hagalund\/","title":{"rendered":"Hagalund"},"content":{"rendered":"<p><a href=\"https:\/\/jaheca.se\/livetpalandet\/wp-content\/uploads\/2026\/01\/20251227_131131_1-scaled.jpg\"><img loading=\"lazy\" decoding=\"async\" class=\"alignnone wp-image-12181 size-large\" src=\"https:\/\/jaheca.se\/livetpalandet\/wp-content\/uploads\/2026\/01\/20251227_131131_1-725x406.jpg\" alt=\"\" width=\"725\" height=\"406\" srcset=\"https:\/\/jaheca.se\/livetpalandet\/wp-content\/uploads\/2026\/01\/20251227_131131_1-725x406.jpg 725w, https:\/\/jaheca.se\/livetpalandet\/wp-content\/uploads\/2026\/01\/20251227_131131_1-350x196.jpg 350w, https:\/\/jaheca.se\/livetpalandet\/wp-content\/uploads\/2026\/01\/20251227_131131_1-768x430.jpg 768w, https:\/\/jaheca.se\/livetpalandet\/wp-content\/uploads\/2026\/01\/20251227_131131_1-1536x860.jpg 1536w, https:\/\/jaheca.se\/livetpalandet\/wp-content\/uploads\/2026\/01\/20251227_131131_1-2048x1146.jpg 2048w, https:\/\/jaheca.se\/livetpalandet\/wp-content\/uploads\/2026\/01\/20251227_131131_1-150x84.jpg 150w, https:\/\/jaheca.se\/livetpalandet\/wp-content\/uploads\/2026\/01\/20251227_131131_1-250x140.jpg 250w\" sizes=\"auto, (max-width: 725px) 100vw, 725px\" \/><\/a><br \/>\n<em>Klicka f\u00f6r st\u00f6rre bild<\/em><\/p>\n<p>Ja, huset vi bor i kallas Hagalund.<\/p>\n<p>V\u00e5rt hus \u00e4r en vit tr\u00e4villa som byggdes 1919, med om- och tillbyggnader p\u00e5 1980-talet, tror jag.<\/p>\n<p>Huset \u00e4r 1\u00bd plan med k\u00e4llare, boyta 117 m\u00b2 och biyta p\u00e5 45 m\u00b2. P\u00e5 &nbsp;den 1800 m\u00b2 stora tomten finns verkstad, f\u00f6rr\u00e5d, garage, carport, vedbod, jordk\u00e4llare och liten f\u00f6re detta lekstuga.<\/p>\n<p>Ursprungsbyggnaden hade bara tv\u00e5 rum, k\u00f6k, liten hall och liten toalett p\u00e5 entr\u00e9plan, samt ett st\u00f6rre och tv\u00e5 sm\u00e5 rum p\u00e5 \u00f6verv\u00e5ningen.<\/p>\n<p>De tillbyggnader som gjorts av f\u00f6rra \u00e4garen \u00e4r bl.a. det stora vardagsrummet, samt groventr\u00e9 + badrum med badkar, och ovanf\u00f6r dem en inbyggd balkong.<\/p>\n<p>Byggnaderna p\u00e5 tomten \u00e4r av olika \u00e5rtal, och jag vet att garaget och vedboden har byggts av f\u00f6rra \u00e4garen, som bodde i huset 1961-2011.<\/p>\n<p>Sj\u00e4lva har vi byggt till b\u00e5de terrass\/utek\u00f6k med tak vid ing\u00e5ngen och den stora altanen med ramp ni ser p\u00e5 bilden.<\/p>\n<p>Solcellerna installerades sensommaren 2023.<\/p>\n","protected":false},"excerpt":{"rendered":"<p>Klicka f\u00f6r st\u00f6rre bild Ja, huset vi bor i kallas Hagalund. V\u00e5rt hus \u00e4r en vit tr\u00e4villa som byggdes 1919, med om- och tillbyggnader p\u00e5 1980-talet, tror jag. Huset \u00e4r 1\u00bd plan med k\u00e4llare, boyta 117 m\u00b2 och biyta p\u00e5 45 m\u00b2. P\u00e5 &nbsp;den 1800 m\u00b2 stora tomten finns verkstad, f\u00f6rr\u00e5d, garage, carport, vedbod, jordk\u00e4llare och liten f\u00f6re detta lekstuga. Ursprungsbyggnaden hade bara tv\u00e5 rum, k\u00f6k, liten hall och liten toalett p\u00e5 entr\u00e9plan, samt ett st\u00f6rre och tv\u00e5 sm\u00e5 rum&#8230; <a class=\"continue-reading-link\" href=\"https:\/\/jaheca.se\/livetpalandet\/hagalund\/\">L\u00e4s vidare <span class=\"meta-nav\">&rarr; <\/span><\/a><\/p>\n","protected":false},"author":1,"featured_media":0,"parent":0,"menu_order":0,"comment_status":"closed","ping_status":"closed","template":"","meta":{"ngg_post_thumbnail":0,"footnotes":""},"class_list":["post-3980","page","type-page","status-publish","hentry"],"_links":{"self":[{"href":"https:\/\/jaheca.se\/livetpalandet\/wp-json\/wp\/v2\/pages\/3980","targetHints":{"allow":["GET"]}}],"collection":[{"href":"https:\/\/jaheca.se\/livetpalandet\/wp-json\/wp\/v2\/pages"}],"about":[{"href":"https:\/\/jaheca.se\/livetpalandet\/wp-json\/wp\/v2\/types\/page"}],"author":[{"embeddable":true,"href":"https:\/\/jaheca.se\/livetpalandet\/wp-json\/wp\/v2\/users\/1"}],"replies":[{"embeddable":true,"href":"https:\/\/jaheca.se\/livetpalandet\/wp-json\/wp\/v2\/comments?post=3980"}],"version-history":[{"count":7,"href":"https:\/\/jaheca.se\/livetpalandet\/wp-json\/wp\/v2\/pages\/3980\/revisions"}],"predecessor-version":[{"id":12188,"href":"https:\/\/jaheca.se\/livetpalandet\/wp-json\/wp\/v2\/pages\/3980\/revisions\/12188"}],"wp:attachment":[{"href":"https:\/\/jaheca.se\/livetpalandet\/wp-json\/wp\/v2\/media?parent=3980"}],"curies":[{"name":"wp","href":"https:\/\/api.w.org\/{rel}","templated":true}]}}