{"id":353,"date":"2012-11-19T17:07:36","date_gmt":"2012-11-19T15:07:36","guid":{"rendered":"http:\/\/jaheca.se\/vardagsliv\/?page_id=353"},"modified":"2012-11-19T17:07:36","modified_gmt":"2012-11-19T15:07:36","slug":"mina-tatueringar","status":"publish","type":"page","link":"https:\/\/jaheca.se\/livetpalandet\/mina-tatueringar\/","title":{"rendered":"Mina tatueringar"},"content":{"rendered":"<p>Jag har alltid gillat tatueringar, men det var f\u00f6rst i \u201dmogen \u00e5lder\u201d jag v\u00e5gade mig p\u00e5 att g\u00f6ra en sj\u00e4lv. Minns n\u00e4r jag \u00e5kte till tattoostudion p\u00e5 Andra L\u00e5nggatan f\u00f6r f\u00f6rsta g\u00e5ngen, bara f\u00f6r att titta p\u00e5 deras bilder. Pratade lite med killarna d\u00e4r, och bokade tid till slut. F\u00f6rsta tatueringen blev gjord i augusti 2000, samma dag som Linus b\u00f6rjade skolan! Motivet \u00e4r ett enh\u00f6rningshuvud med vajande man, som sitter h\u00f6gt upp p\u00e5 min h\u00f6gra arm\/axel.<\/p>\n<p>D\u00e5 jag alltid \u00e4lskat delfiner, s\u00e5 k\u00e4nde jag att en delfintattoo skulle vara kul att ha, och i juni 2003 blev det av p\u00e5 samma studio som den f\u00f6rsta tatueringen. Det \u00e4r en bl\u00e5 delfin som sitter p\u00e5 v\u00e4nster vrist, och nu \u00e4r den kompletterad med vattenst\u00e4nk.<\/p>\n<p>Sommaren 2005 k\u00e4nde jag att jag ville ha en till tattoo, och efter lite funderande kom jag fram till att en katt skulle sitta bra. Tog kontakt med en tjej som g\u00f6r tatueringsskisser efter \u00f6nskem\u00e5l, via ett forum, och efter lite diskussioner via mail kom vi \u00f6verens om 3 olika kattskisser, som jag kunde v\u00e4lja mellan. K\u00f6pte alla tre, och valde en av dem, och oktober 2005 satte jag den p\u00e5 v\u00e4nster arm\/axel.<\/p>\n<p>I maj-06 gjorde jag min fj\u00e4rde tatuering, en svart fj\u00e4ril p\u00e5 h\u00f6ger vrist.<\/p>\n<p>2011 k\u00e4nde jag att jag ville g\u00f6ra n\u00e5got som symboliserar mitt CI, och maj 2011 gjorde jag min CI-tatuering p\u00e5 v\u00e4nster skuldra. Denna tatuering och de som f\u00f6ljer \u00e4r gjorda en kompis till min sambo, och han \u00e4r sjukt duktig p\u00e5 att tatuera!<\/p>\n<p>Med tiden blev jag missn\u00f6jd med katten fr\u00e5n 2005, d\u00e5 den inte var s\u00e4rskilt snyggt gjord egentligen, s\u00e5 jag funderade p\u00e5 en cover-up. T\u00e4nkte att n\u00e5got svart kattdjur kunde passa, s\u00e5 januari 2012 t\u00e4cktes katten \u00f6ver med en svart panter.<\/p>\n<p>Jag hade sedan skilsm\u00e4ssan funderat p\u00e5 att tatuera n\u00e5got som symboliserar p\u00e5nyttf\u00f6delse, d\u00e5 jag k\u00e4nde att livet f\u00f6r\u00e4ndrades till det b\u00e4ttre n\u00e4r jag skilde mig, tr\u00e4ffade sambon och flyttade till nytt hus. Har alltid fascinerats av F\u00e5gel Fenix som \u00e5teruppst\u00e5r ur askan n\u00e4r den brunnit upp i flammor, s\u00e5 jag t\u00e4nkte att det blir en bra symbol. Sedan gillar jag orkid\u00e9er v\u00e4ldigt mycket, s\u00e5 de fick vara blommor runt f\u00e5geln.<br \/>\nDet blev tv\u00e5 sittningar f\u00f6r f\u00e5geln, en i oktober 2012, d\u00e5 konturlinjer och skuggor lades in p\u00e5 h\u00f6ger skuldra. Andra sittningen, november 2012, blev det f\u00e4rgl\u00e4ggning av f\u00e5geln och blommorna.<\/p>\n<p><img loading=\"lazy\" decoding=\"async\" class=\"alignnone size-full wp-image-8364\" src=\"https:\/\/jaheca.se\/livetpalandet\/wp-content\/uploads\/2018\/01\/c_unicorn3.jpg\" alt=\"\" width=\"480\" height=\"720\" srcset=\"https:\/\/jaheca.se\/livetpalandet\/wp-content\/uploads\/2018\/01\/c_unicorn3.jpg 480w, https:\/\/jaheca.se\/livetpalandet\/wp-content\/uploads\/2018\/01\/c_unicorn3-233x350.jpg 233w, https:\/\/jaheca.se\/livetpalandet\/wp-content\/uploads\/2018\/01\/c_unicorn3-467x700.jpg 467w, https:\/\/jaheca.se\/livetpalandet\/wp-content\/uploads\/2018\/01\/c_unicorn3-100x150.jpg 100w\" sizes=\"auto, (max-width: 480px) 100vw, 480px\" \/><\/p>\n<p><img loading=\"lazy\" decoding=\"async\" class=\"alignnone size-full wp-image-8360\" src=\"https:\/\/jaheca.se\/livetpalandet\/wp-content\/uploads\/2018\/01\/c_dolphin.jpg\" alt=\"\" width=\"480\" height=\"720\" srcset=\"https:\/\/jaheca.se\/livetpalandet\/wp-content\/uploads\/2018\/01\/c_dolphin.jpg 480w, https:\/\/jaheca.se\/livetpalandet\/wp-content\/uploads\/2018\/01\/c_dolphin-233x350.jpg 233w, https:\/\/jaheca.se\/livetpalandet\/wp-content\/uploads\/2018\/01\/c_dolphin-467x700.jpg 467w, https:\/\/jaheca.se\/livetpalandet\/wp-content\/uploads\/2018\/01\/c_dolphin-100x150.jpg 100w\" sizes=\"auto, (max-width: 480px) 100vw, 480px\" \/><\/p>\n<p><img loading=\"lazy\" decoding=\"async\" class=\"alignnone size-full wp-image-8362\" src=\"https:\/\/jaheca.se\/livetpalandet\/wp-content\/uploads\/2018\/01\/c_katt_panter.jpg\" alt=\"\" width=\"720\" height=\"480\" srcset=\"https:\/\/jaheca.se\/livetpalandet\/wp-content\/uploads\/2018\/01\/c_katt_panter.jpg 720w, https:\/\/jaheca.se\/livetpalandet\/wp-content\/uploads\/2018\/01\/c_katt_panter-350x233.jpg 350w, https:\/\/jaheca.se\/livetpalandet\/wp-content\/uploads\/2018\/01\/c_katt_panter-700x467.jpg 700w, https:\/\/jaheca.se\/livetpalandet\/wp-content\/uploads\/2018\/01\/c_katt_panter-525x350.jpg 525w, https:\/\/jaheca.se\/livetpalandet\/wp-content\/uploads\/2018\/01\/c_katt_panter-150x100.jpg 150w\" sizes=\"auto, (max-width: 720px) 100vw, 720px\" \/><\/p>\n<p><img loading=\"lazy\" decoding=\"async\" class=\"alignnone size-full wp-image-8358\" src=\"https:\/\/jaheca.se\/livetpalandet\/wp-content\/uploads\/2018\/01\/c_butterfly.jpg\" alt=\"\" width=\"480\" height=\"720\" srcset=\"https:\/\/jaheca.se\/livetpalandet\/wp-content\/uploads\/2018\/01\/c_butterfly.jpg 480w, https:\/\/jaheca.se\/livetpalandet\/wp-content\/uploads\/2018\/01\/c_butterfly-233x350.jpg 233w, https:\/\/jaheca.se\/livetpalandet\/wp-content\/uploads\/2018\/01\/c_butterfly-467x700.jpg 467w, https:\/\/jaheca.se\/livetpalandet\/wp-content\/uploads\/2018\/01\/c_butterfly-100x150.jpg 100w\" sizes=\"auto, (max-width: 480px) 100vw, 480px\" \/><\/p>\n<p><img loading=\"lazy\" decoding=\"async\" class=\"alignnone size-full wp-image-8359\" src=\"https:\/\/jaheca.se\/livetpalandet\/wp-content\/uploads\/2018\/01\/c_ci.jpg\" alt=\"\" width=\"540\" height=\"720\" srcset=\"https:\/\/jaheca.se\/livetpalandet\/wp-content\/uploads\/2018\/01\/c_ci.jpg 540w, https:\/\/jaheca.se\/livetpalandet\/wp-content\/uploads\/2018\/01\/c_ci-263x350.jpg 263w, https:\/\/jaheca.se\/livetpalandet\/wp-content\/uploads\/2018\/01\/c_ci-525x700.jpg 525w, https:\/\/jaheca.se\/livetpalandet\/wp-content\/uploads\/2018\/01\/c_ci-113x150.jpg 113w\" sizes=\"auto, (max-width: 540px) 100vw, 540px\" \/><\/p>\n<p><img loading=\"lazy\" decoding=\"async\" class=\"alignnone size-full wp-image-8363\" src=\"https:\/\/jaheca.se\/livetpalandet\/wp-content\/uploads\/2018\/01\/c_panther.jpg\" alt=\"\" width=\"480\" height=\"720\" srcset=\"https:\/\/jaheca.se\/livetpalandet\/wp-content\/uploads\/2018\/01\/c_panther.jpg 480w, https:\/\/jaheca.se\/livetpalandet\/wp-content\/uploads\/2018\/01\/c_panther-233x350.jpg 233w, https:\/\/jaheca.se\/livetpalandet\/wp-content\/uploads\/2018\/01\/c_panther-467x700.jpg 467w, https:\/\/jaheca.se\/livetpalandet\/wp-content\/uploads\/2018\/01\/c_panther-100x150.jpg 100w\" sizes=\"auto, (max-width: 480px) 100vw, 480px\" \/><\/p>\n<p><img loading=\"lazy\" decoding=\"async\" class=\"alignnone size-full wp-image-8361\" src=\"https:\/\/jaheca.se\/livetpalandet\/wp-content\/uploads\/2018\/01\/c_fenix.jpg\" alt=\"\" width=\"540\" height=\"720\" srcset=\"https:\/\/jaheca.se\/livetpalandet\/wp-content\/uploads\/2018\/01\/c_fenix.jpg 540w, https:\/\/jaheca.se\/livetpalandet\/wp-content\/uploads\/2018\/01\/c_fenix-263x350.jpg 263w, https:\/\/jaheca.se\/livetpalandet\/wp-content\/uploads\/2018\/01\/c_fenix-525x700.jpg 525w, https:\/\/jaheca.se\/livetpalandet\/wp-content\/uploads\/2018\/01\/c_fenix-113x150.jpg 113w\" sizes=\"auto, (max-width: 540px) 100vw, 540px\" \/> &nbsp;&nbsp;&nbsp;<\/p>\n","protected":false},"excerpt":{"rendered":"<p>Jag har alltid gillat tatueringar, men det var f\u00f6rst i \u201dmogen \u00e5lder\u201d jag v\u00e5gade mig p\u00e5 att g\u00f6ra en sj\u00e4lv. Minns n\u00e4r jag \u00e5kte till tattoostudion p\u00e5 Andra L\u00e5nggatan f\u00f6r f\u00f6rsta g\u00e5ngen, bara f\u00f6r att titta p\u00e5 deras bilder. Pratade lite med killarna d\u00e4r, och bokade tid till slut. F\u00f6rsta tatueringen blev gjord i augusti 2000, samma dag som Linus b\u00f6rjade skolan! Motivet \u00e4r ett enh\u00f6rningshuvud med vajande man, som sitter h\u00f6gt upp p\u00e5 min h\u00f6gra arm\/axel. D\u00e5 jag alltid&#8230; <a class=\"continue-reading-link\" href=\"https:\/\/jaheca.se\/livetpalandet\/mina-tatueringar\/\">L\u00e4s vidare <span class=\"meta-nav\">&rarr; <\/span><\/a><\/p>\n","protected":false},"author":1,"featured_media":0,"parent":0,"menu_order":2,"comment_status":"closed","ping_status":"closed","template":"","meta":{"ngg_post_thumbnail":0,"footnotes":""},"class_list":["post-353","page","type-page","status-publish","hentry"],"_links":{"self":[{"href":"https:\/\/jaheca.se\/livetpalandet\/wp-json\/wp\/v2\/pages\/353","targetHints":{"allow":["GET"]}}],"collection":[{"href":"https:\/\/jaheca.se\/livetpalandet\/wp-json\/wp\/v2\/pages"}],"about":[{"href":"https:\/\/jaheca.se\/livetpalandet\/wp-json\/wp\/v2\/types\/page"}],"author":[{"embeddable":true,"href":"https:\/\/jaheca.se\/livetpalandet\/wp-json\/wp\/v2\/users\/1"}],"replies":[{"embeddable":true,"href":"https:\/\/jaheca.se\/livetpalandet\/wp-json\/wp\/v2\/comments?post=353"}],"version-history":[{"count":0,"href":"https:\/\/jaheca.se\/livetpalandet\/wp-json\/wp\/v2\/pages\/353\/revisions"}],"wp:attachment":[{"href":"https:\/\/jaheca.se\/livetpalandet\/wp-json\/wp\/v2\/media?parent=353"}],"curies":[{"name":"wp","href":"https:\/\/api.w.org\/{rel}","templated":true}]}}