{"id":1868,"date":"2011-08-19T10:19:26","date_gmt":"2011-08-19T09:19:26","guid":{"rendered":"http:\/\/jaheca.se\/vardagsliv\/?page_id=10"},"modified":"2026-04-05T16:24:22","modified_gmt":"2026-04-05T15:24:22","slug":"mina-pojkar","status":"publish","type":"page","link":"https:\/\/jaheca.se\/livetpalandet\/mina-pojkar\/","title":{"rendered":"Mina pojkar"},"content":{"rendered":"<p>Jag \u00e4r skild sedan 2011, och pojkarna valde d\u00e5 att bo kvar i Kullavik hos exmaken, d\u00e5 de hade sina kompisar och skolor d\u00e4r. Numera \u00e4r de sedan l\u00e4nge utflyttade till olika orter i landet.<\/p>\n<p><strong>Linus<\/strong><\/p>\n<p><img loading=\"lazy\" decoding=\"async\" class=\"alignnone wp-image-9334\" src=\"https:\/\/jaheca.se\/livetpalandet\/wp-content\/uploads\/2021\/11\/m_IMG_0644-3-700x700.jpg\" alt=\"\" width=\"500\" height=\"500\" srcset=\"https:\/\/jaheca.se\/livetpalandet\/wp-content\/uploads\/2021\/11\/m_IMG_0644-3-700x700.jpg 700w, https:\/\/jaheca.se\/livetpalandet\/wp-content\/uploads\/2021\/11\/m_IMG_0644-3-350x350.jpg 350w, https:\/\/jaheca.se\/livetpalandet\/wp-content\/uploads\/2021\/11\/m_IMG_0644-3-150x150.jpg 150w, https:\/\/jaheca.se\/livetpalandet\/wp-content\/uploads\/2021\/11\/m_IMG_0644-3-768x768.jpg 768w, https:\/\/jaheca.se\/livetpalandet\/wp-content\/uploads\/2021\/11\/m_IMG_0644-3.jpg 900w\" sizes=\"auto, (max-width: 500px) 100vw, 500px\" \/>&nbsp;&nbsp;<br \/>\nLinus \u00e4r min \u00e4ldste son, f\u00f6dd h\u00f6sten 1994.<br \/>\nHan bor numera i \u00c4lv\u00e4ngen, \u00e4r sambo och har en liten dotter, f\u00f6dd januari 2025!<br \/>\nHan jobbar heltid inom kriminalv\u00e5rden som kriminalv\u00e5rdsinspekt\u00f6r i V\u00e4nersborg.&nbsp;<br \/>\nLinus gillar tr\u00e4ning, vandring i naturen och resor. Han har bl.a. varit i Los Angeles och vandrat i Skottland sj\u00e4lv. Han har \u00e4ven vandrat upp till Kebnekaise med kompisar.<\/p>\n<p><strong>Joakim<\/strong><\/p>\n<p><img loading=\"lazy\" decoding=\"async\" class=\"alignnone wp-image-9335\" src=\"https:\/\/jaheca.se\/livetpalandet\/wp-content\/uploads\/2021\/11\/m_IMG_0639-3-700x700.jpg\" alt=\"\" width=\"500\" height=\"500\" srcset=\"https:\/\/jaheca.se\/livetpalandet\/wp-content\/uploads\/2021\/11\/m_IMG_0639-3-700x700.jpg 700w, https:\/\/jaheca.se\/livetpalandet\/wp-content\/uploads\/2021\/11\/m_IMG_0639-3-350x350.jpg 350w, https:\/\/jaheca.se\/livetpalandet\/wp-content\/uploads\/2021\/11\/m_IMG_0639-3-150x150.jpg 150w, https:\/\/jaheca.se\/livetpalandet\/wp-content\/uploads\/2021\/11\/m_IMG_0639-3-768x768.jpg 768w, https:\/\/jaheca.se\/livetpalandet\/wp-content\/uploads\/2021\/11\/m_IMG_0639-3.jpg 900w\" sizes=\"auto, (max-width: 500px) 100vw, 500px\" \/><br \/>\nJoakim \u00e4r f\u00f6dd sommaren 1998 och \u00e4r f\u00e4rdig Civilingenj\u00f6r i teknisk fysik och elektroteknik i Link\u00f6ping. Han jobbar nu som doktorand och skriver olika forskningsartiklar och bor i en l\u00e4genhet n\u00e4ra universitetsomr\u00e5det och trivs bra i staden. Tr\u00e4nar och cyklar en hel del.<\/p>\n","protected":false},"excerpt":{"rendered":"<p>Jag \u00e4r skild sedan 2011, och pojkarna valde d\u00e5 att bo kvar i Kullavik hos exmaken, d\u00e5 de hade sina kompisar och skolor d\u00e4r. Numera \u00e4r de sedan l\u00e4nge utflyttade till olika orter i landet. Linus &nbsp;&nbsp; Linus \u00e4r min \u00e4ldste son, f\u00f6dd h\u00f6sten 1994. Han bor numera i \u00c4lv\u00e4ngen, \u00e4r sambo och har en liten dotter, f\u00f6dd januari 2025! Han jobbar heltid inom kriminalv\u00e5rden som kriminalv\u00e5rdsinspekt\u00f6r i V\u00e4nersborg.&nbsp; Linus gillar tr\u00e4ning, vandring i naturen och resor. Han har bl.a&#8230;. <a class=\"continue-reading-link\" href=\"https:\/\/jaheca.se\/livetpalandet\/mina-pojkar\/\">L\u00e4s vidare <span class=\"meta-nav\">&rarr; <\/span><\/a><\/p>\n","protected":false},"author":1,"featured_media":0,"parent":0,"menu_order":3,"comment_status":"closed","ping_status":"closed","template":"","meta":{"ngg_post_thumbnail":0,"footnotes":""},"class_list":["post-1868","page","type-page","status-publish","hentry"],"_links":{"self":[{"href":"https:\/\/jaheca.se\/livetpalandet\/wp-json\/wp\/v2\/pages\/1868","targetHints":{"allow":["GET"]}}],"collection":[{"href":"https:\/\/jaheca.se\/livetpalandet\/wp-json\/wp\/v2\/pages"}],"about":[{"href":"https:\/\/jaheca.se\/livetpalandet\/wp-json\/wp\/v2\/types\/page"}],"author":[{"embeddable":true,"href":"https:\/\/jaheca.se\/livetpalandet\/wp-json\/wp\/v2\/users\/1"}],"replies":[{"embeddable":true,"href":"https:\/\/jaheca.se\/livetpalandet\/wp-json\/wp\/v2\/comments?post=1868"}],"version-history":[{"count":3,"href":"https:\/\/jaheca.se\/livetpalandet\/wp-json\/wp\/v2\/pages\/1868\/revisions"}],"predecessor-version":[{"id":12326,"href":"https:\/\/jaheca.se\/livetpalandet\/wp-json\/wp\/v2\/pages\/1868\/revisions\/12326"}],"wp:attachment":[{"href":"https:\/\/jaheca.se\/livetpalandet\/wp-json\/wp\/v2\/media?parent=1868"}],"curies":[{"name":"wp","href":"https:\/\/api.w.org\/{rel}","templated":true}]}}