{"id":1867,"date":"2011-08-19T10:16:38","date_gmt":"2011-08-19T08:16:38","guid":{"rendered":"http:\/\/jaheca.se\/vardagsliv\/?page_id=8"},"modified":"2026-01-25T17:20:51","modified_gmt":"2026-01-25T16:20:51","slug":"jag","status":"publish","type":"page","link":"https:\/\/jaheca.se\/livetpalandet\/jag\/","title":{"rendered":"Jag"},"content":{"rendered":"<h4><strong>Korta fakta om mig:<\/strong><\/h4>\n<p>*blond<br \/>\n*bl\u00e5 \u00f6gon<br \/>\n*171 cm \u00f6ver havet<br \/>\n*f\u00f6dd januari 1967<br \/>\n*stenbock<br \/>\n*f\u00f6dd gravt h\u00f6rselskadad<br \/>\n*har ett&nbsp;<a href=\"http:\/\/cochleaimplantat.nu\" target=\"_blank\" rel=\"noopener\">cochleaimplantat<\/a><br \/>\n*har glas\u00f6gon sedan -75<br \/>\n*har tv\u00e5 s\u00f6ner, 31 &amp; 27 \u00e5r<br \/>\n*blev farmor januari 2025!<br \/>\n*har 1 katt (sambon har 1)<br \/>\n*bor nordost om G\u00f6teborg med sambo i villa<br \/>\n*har 6&nbsp;tatueringar&nbsp;och vill skaffa fler fram\u00f6ver<br \/>\n*kort stubin ibland<br \/>\n*bra lokalsinne<br \/>\n*har tinnitus<br \/>\n*snabbl\u00e4sare<br \/>\n*\u00e4lskar att l\u00e4sa b\u00f6cker<br \/>\n*har diabetes 2 och hypotyreos<br \/>\n*samlar p\u00e5 delfiner<br \/>\n*har upplevt N\u00e4rkontakt Delfin p\u00e5 Kolm\u00e5rden 17\/3 2007<br \/>\n*k\u00f6r en m\u00f6rkgr\u00f6n Toyota Yaris Cross Hybrid<br \/>\n*vi har numera 2 jakthundar som \u00e4ven \u00e4r goa familjehundar<\/p>\n<h4><strong>Gillar:<\/strong><\/h4>\n<p>*fotografering<br \/>\n*l\u00e4sa b\u00f6cker, g\u00e4rna fantasy och sp\u00e4nning<br \/>\n*naturpromenader<br \/>\n*cykelturer<br \/>\n*sommaren<br \/>\n*vitt vin<br \/>\n*grillad mat!<br \/>\n*pyssla i&nbsp;tr\u00e4dg\u00e5rden<br \/>\n*jobba med hemsidorna &amp; bloggarna<br \/>\n*resa, b\u00e5de inom och utanf\u00f6r Sverige<br \/>\n*rida p\u00e5 islandsh\u00e4st<br \/>\n*jeans, g\u00e4rna svarta<br \/>\n*kjolar<br \/>\n*kavajer<br \/>\n*svart, r\u00f6tt, bl\u00e5tt och gult<br \/>\n*DVD-filmer, g\u00e4rna Disney (man kan ju ha svensk text numera)<\/p>\n<h4><strong>Jag kan:<\/strong><\/h4>\n<p>*s\u00e4tta ihop Ikea-m\u00f6bler<br \/>\n*skruva i elektriska kontakter<br \/>\n*s\u00e4tta ihop datorn\u2026*S*<br \/>\n*g\u00f6ra hemsidor, bara f\u00f6r att det \u00e4r s\u00e5 kul!<\/p>\n<h4><strong>Avskyr att:<\/strong><\/h4>\n<p>*sy i knappar och laga kl\u00e4der *usch*<br \/>\n*vara ute i sista minuten<br \/>\n*st\u00e4da\u2026*S*<br \/>\n*laga mat (tur att sambon \u00e4r s\u00e5 bra p\u00e5 det!)<\/p>\n","protected":false},"excerpt":{"rendered":"<p>Korta fakta om mig: *blond *bl\u00e5 \u00f6gon *171 cm \u00f6ver havet *f\u00f6dd januari 1967 *stenbock *f\u00f6dd gravt h\u00f6rselskadad *har ett&nbsp;cochleaimplantat *har glas\u00f6gon sedan -75 *har tv\u00e5 s\u00f6ner, 31 &amp; 27 \u00e5r *blev farmor januari 2025! *har 1 katt (sambon har 1) *bor nordost om G\u00f6teborg med sambo i villa *har 6&nbsp;tatueringar&nbsp;och vill skaffa fler fram\u00f6ver *kort stubin ibland *bra lokalsinne *har tinnitus *snabbl\u00e4sare *\u00e4lskar att l\u00e4sa b\u00f6cker *har diabetes 2 och hypotyreos *samlar p\u00e5 delfiner *har upplevt N\u00e4rkontakt Delfin p\u00e5&#8230; <a class=\"continue-reading-link\" href=\"https:\/\/jaheca.se\/livetpalandet\/jag\/\">L\u00e4s vidare <span class=\"meta-nav\">&rarr; <\/span><\/a><\/p>\n","protected":false},"author":1,"featured_media":0,"parent":0,"menu_order":0,"comment_status":"closed","ping_status":"closed","template":"","meta":{"ngg_post_thumbnail":0,"footnotes":""},"class_list":["post-1867","page","type-page","status-publish","hentry"],"_links":{"self":[{"href":"https:\/\/jaheca.se\/livetpalandet\/wp-json\/wp\/v2\/pages\/1867","targetHints":{"allow":["GET"]}}],"collection":[{"href":"https:\/\/jaheca.se\/livetpalandet\/wp-json\/wp\/v2\/pages"}],"about":[{"href":"https:\/\/jaheca.se\/livetpalandet\/wp-json\/wp\/v2\/types\/page"}],"author":[{"embeddable":true,"href":"https:\/\/jaheca.se\/livetpalandet\/wp-json\/wp\/v2\/users\/1"}],"replies":[{"embeddable":true,"href":"https:\/\/jaheca.se\/livetpalandet\/wp-json\/wp\/v2\/comments?post=1867"}],"version-history":[{"count":4,"href":"https:\/\/jaheca.se\/livetpalandet\/wp-json\/wp\/v2\/pages\/1867\/revisions"}],"predecessor-version":[{"id":12225,"href":"https:\/\/jaheca.se\/livetpalandet\/wp-json\/wp\/v2\/pages\/1867\/revisions\/12225"}],"wp:attachment":[{"href":"https:\/\/jaheca.se\/livetpalandet\/wp-json\/wp\/v2\/media?parent=1867"}],"curies":[{"name":"wp","href":"https:\/\/api.w.org\/{rel}","templated":true}]}}