{"id":12200,"date":"2026-01-14T19:54:27","date_gmt":"2026-01-14T18:54:27","guid":{"rendered":"https:\/\/jaheca.se\/livetpalandet\/?page_id=12200"},"modified":"2026-04-10T15:36:19","modified_gmt":"2026-04-10T14:36:19","slug":"bokmal","status":"publish","type":"page","link":"https:\/\/jaheca.se\/livetpalandet\/bokmal\/","title":{"rendered":"Bokmal"},"content":{"rendered":"<p>Jag \u00e4r en riktigt bokmal och \u00e4lskar att l\u00e4sa b\u00f6cker av olika slag.<br \/>\nDet kan vara deckare, romaner, sp\u00e4nningsromaner, historiska faktab\u00f6cker, fantasy, feelgood, naturb\u00f6cker, historiska romaner, biografier med mera.<\/p>\n<p>Dock \u00e4r favoriterna sp\u00e4nningsromaner, deckare (g\u00e4rna svenska f\u00f6rfattare), fantasy, \u00f6verhuvudtaget b\u00f6cker med action och \u00e4ventyr, men \u00e4ven historiska faktab\u00f6cker om framf\u00f6rallt andra v\u00e4rldskriget.<\/p>\n<p>Har alltid haft mycket b\u00f6cker i mina bokhyllor, men d\u00e5 utrymmet idag inte medger fler pappersb\u00f6cker, s\u00e5 l\u00e4ser jag numera nya b\u00f6cker som e-b\u00f6cker, vilket fungerar alldeles utm\u00e4rkt f\u00f6r mig.<\/p>\n<p>Jag \u00e4r med i bokutmaningen <a href=\"https:\/\/jaheca.se\/livetpalandet\/utmaningar-2026\/kaosutmaningen-2026\/\">Kaosutmaningen 2026<\/a>.<\/p>\n<p><strong>Sp\u00e4nning\/\u00e4ventyr:<\/strong><br \/>\nDavid Baldacci<br \/>\nAlistair MacLean<br \/>\nColin Forbes<br \/>\nClive Cussler<br \/>\nNora Roberts (hon skriver b\u00e5de sp\u00e4nningsromaner och vanliga romaner)<\/p>\n<p><strong>Deckare:<\/strong><br \/>\nMari Jungstedt<br \/>\nAnna Ihren<br \/>\nAnn Rosman<br \/>\nTomas Kanger<br \/>\n\u00c5sa Larsson<br \/>\nLiza Marklund<\/p>\n<p><strong>Fantasy:<\/strong><br \/>\nStephen Donaldson<br \/>\nChristopher Paolini<br \/>\nStuart Hill<br \/>\nTerry Brooks<br \/>\nElisabeth Moon<\/p>\n<p><strong>Historiska romaner och sp\u00e4nning:<\/strong><br \/>\nConn Iggulden<br \/>\nDiana Gabaldon<br \/>\nValerio Massimo Manfredi<\/p>\n<p><strong>Faktab\u00f6cker:<\/strong><br \/>\nAnthony Beevor (Andra V\u00e4rldskriget)<br \/>\nCornelius Ryan (Andra V\u00e4rldskriget)<\/p>\n<p><strong>Vanlig romantik:<\/strong><br \/>\nLucy Dillon&nbsp;<br \/>\nNora Roberts<br \/>\nLucinda Riley<br \/>\nKristin Hannah<br \/>\nJojo Moyes<\/p>\n<p><strong>Blandade kategorier<\/strong><br \/>\nArthur Hailey (skrev b\u00e5de sp\u00e4nningsromaner och thrillers)<br \/>\nTorey Hayden<\/p>\n","protected":false},"excerpt":{"rendered":"<p>Jag \u00e4r en riktigt bokmal och \u00e4lskar att l\u00e4sa b\u00f6cker av olika slag. Det kan vara deckare, romaner, sp\u00e4nningsromaner, historiska faktab\u00f6cker, fantasy, feelgood, naturb\u00f6cker, historiska romaner, biografier med mera. Dock \u00e4r favoriterna sp\u00e4nningsromaner, deckare (g\u00e4rna svenska f\u00f6rfattare), fantasy, \u00f6verhuvudtaget b\u00f6cker med action och \u00e4ventyr, men \u00e4ven historiska faktab\u00f6cker om framf\u00f6rallt andra v\u00e4rldskriget. Har alltid haft mycket b\u00f6cker i mina bokhyllor, men d\u00e5 utrymmet idag inte medger fler pappersb\u00f6cker, s\u00e5 l\u00e4ser jag numera nya b\u00f6cker som e-b\u00f6cker, vilket fungerar alldeles utm\u00e4rkt&#8230; <a class=\"continue-reading-link\" href=\"https:\/\/jaheca.se\/livetpalandet\/bokmal\/\">L\u00e4s vidare <span class=\"meta-nav\">&rarr; <\/span><\/a><\/p>\n","protected":false},"author":1,"featured_media":0,"parent":0,"menu_order":0,"comment_status":"closed","ping_status":"closed","template":"","meta":{"ngg_post_thumbnail":0,"footnotes":""},"class_list":["post-12200","page","type-page","status-publish","hentry"],"_links":{"self":[{"href":"https:\/\/jaheca.se\/livetpalandet\/wp-json\/wp\/v2\/pages\/12200","targetHints":{"allow":["GET"]}}],"collection":[{"href":"https:\/\/jaheca.se\/livetpalandet\/wp-json\/wp\/v2\/pages"}],"about":[{"href":"https:\/\/jaheca.se\/livetpalandet\/wp-json\/wp\/v2\/types\/page"}],"author":[{"embeddable":true,"href":"https:\/\/jaheca.se\/livetpalandet\/wp-json\/wp\/v2\/users\/1"}],"replies":[{"embeddable":true,"href":"https:\/\/jaheca.se\/livetpalandet\/wp-json\/wp\/v2\/comments?post=12200"}],"version-history":[{"count":15,"href":"https:\/\/jaheca.se\/livetpalandet\/wp-json\/wp\/v2\/pages\/12200\/revisions"}],"predecessor-version":[{"id":12332,"href":"https:\/\/jaheca.se\/livetpalandet\/wp-json\/wp\/v2\/pages\/12200\/revisions\/12332"}],"wp:attachment":[{"href":"https:\/\/jaheca.se\/livetpalandet\/wp-json\/wp\/v2\/media?parent=12200"}],"curies":[{"name":"wp","href":"https:\/\/api.w.org\/{rel}","templated":true}]}}