{"id":12191,"date":"2026-01-14T15:15:47","date_gmt":"2026-01-14T14:15:47","guid":{"rendered":"https:\/\/jaheca.se\/livetpalandet\/?page_id=12191"},"modified":"2026-04-05T16:16:53","modified_gmt":"2026-04-05T15:16:53","slug":"utmaningar-2026","status":"publish","type":"page","link":"https:\/\/jaheca.se\/livetpalandet\/utmaningar-2026\/","title":{"rendered":"Utmaningar 2026"},"content":{"rendered":"<p>Jag t\u00e4nkte f\u00f6rs\u00f6ka vara med i n\u00e5gra enkla utmaningar och fototeman fram\u00f6ver, men det kanske inte blir varje vecka, dock s\u00e5 ofta det g\u00e5r.<\/p>\n<p>Idag \u00e4r jag med i tv\u00e5 utmaningar, <a href=\"https:\/\/www.elisamatilda.se\/category\/fem-en-fredag\/\" target=\"_blank\" rel=\"noopener\">Fem en fredag<\/a> och <a href=\"https:\/\/www.kulturkollo.se\/tag\/just-nu\/\" target=\"_blank\" rel=\"noopener\">Just nu<\/a>.<\/p>\n<p>En utmaning som f\u00e5r en egen sida \u00e4r <a href=\"https:\/\/jaheca.se\/livetpalandet\/utmaningar-2026\/kaosutmaningen-2026\/\">Kaosutmaningen 2026<\/a>, som g\u00e5r ut p\u00e5 att f\u00f6rs\u00f6ka l\u00e4sa 20 av 40 b\u00f6cker under \u00e5ret, enligt en lista med olika alternativ.<\/p>\n","protected":false},"excerpt":{"rendered":"<p>Jag t\u00e4nkte f\u00f6rs\u00f6ka vara med i n\u00e5gra enkla utmaningar och fototeman fram\u00f6ver, men det kanske inte blir varje vecka, dock s\u00e5 ofta det g\u00e5r. Idag \u00e4r jag med i tv\u00e5 utmaningar, Fem en fredag och Just nu. En utmaning som f\u00e5r en egen sida \u00e4r Kaosutmaningen 2026, som g\u00e5r ut p\u00e5 att f\u00f6rs\u00f6ka l\u00e4sa 20 av 40 b\u00f6cker under \u00e5ret, enligt en lista med olika alternativ.<\/p>\n","protected":false},"author":1,"featured_media":0,"parent":0,"menu_order":6,"comment_status":"closed","ping_status":"closed","template":"","meta":{"ngg_post_thumbnail":0,"footnotes":""},"class_list":["post-12191","page","type-page","status-publish","hentry"],"_links":{"self":[{"href":"https:\/\/jaheca.se\/livetpalandet\/wp-json\/wp\/v2\/pages\/12191","targetHints":{"allow":["GET"]}}],"collection":[{"href":"https:\/\/jaheca.se\/livetpalandet\/wp-json\/wp\/v2\/pages"}],"about":[{"href":"https:\/\/jaheca.se\/livetpalandet\/wp-json\/wp\/v2\/types\/page"}],"author":[{"embeddable":true,"href":"https:\/\/jaheca.se\/livetpalandet\/wp-json\/wp\/v2\/users\/1"}],"replies":[{"embeddable":true,"href":"https:\/\/jaheca.se\/livetpalandet\/wp-json\/wp\/v2\/comments?post=12191"}],"version-history":[{"count":6,"href":"https:\/\/jaheca.se\/livetpalandet\/wp-json\/wp\/v2\/pages\/12191\/revisions"}],"predecessor-version":[{"id":12325,"href":"https:\/\/jaheca.se\/livetpalandet\/wp-json\/wp\/v2\/pages\/12191\/revisions\/12325"}],"wp:attachment":[{"href":"https:\/\/jaheca.se\/livetpalandet\/wp-json\/wp\/v2\/media?parent=12191"}],"curies":[{"name":"wp","href":"https:\/\/api.w.org\/{rel}","templated":true}]}}